{"id":1000000055716,"date":"2025-08-04T13:53:20","date_gmt":"2025-08-04T10:53:20","guid":{"rendered":"https:\/\/amber.md\/?post_type=product&#038;p=1000000055716"},"modified":"2026-05-01T04:10:33","modified_gmt":"2026-05-01T01:10:33","slug":"boiler-electric-plat-perfetto-d80-20ed2","status":"publish","type":"product","link":"https:\/\/amber.md\/ru\/product\/boiler-electric-plat-perfetto-d80-20ed2\/","title":{"rendered":"Boiler electric Plat Perfetto D80-20ED2"},"content":{"rendered":"<h5>Boilerul electric plat Perfetto D50-20ED2 este solu\u021bia ideal\u0103 pentru a asigura apa cald\u0103 necesar\u0103 \u00een gospod\u0103rie. Fabricat de Perfetto, acest model de boiler impresioneaz\u0103 prin designul s\u0103u plat, ce economise\u0219te spa\u021biu \u0219i se integreaz\u0103 perfect \u00een diverse tipuri de locuin\u021be. Cu o capacitate de rezervor de 50 litri \u0219i o putere de 2000 de wa\u021bi, acest echipament asigur\u0103 o \u00eenc\u0103lzire eficient\u0103 \u0219i rapid\u0103 a apei. Temperatura maxim\u0103 atins\u0103 este de 75 de grade Celsius, iar func\u021bia de indicator al temperaturii \u00ee\u021bi permite s\u0103 monitorizezi u\u0219or starea apei din boiler. Dimensiunile compacte, de 86 x 47 x 25 cm, fac ca acest boiler s\u0103 fie u\u0219or de montat \u00een orice spa\u021biu din locuin\u021b\u0103.<\/h5>\n","protected":false},"excerpt":{"rendered":"<ul>\n<li>\u00a0Beneficiind de alimentare la re\u021bea,\u00a0 Boiler electric Plat Perfetto D80-20ED2 reprezint\u0103 alegerea perfect\u0103 pentru confortul dumneavoastr\u0103 \u00een ceea ce prive\u0219te \u00eenc\u0103lzirea apei.<\/li>\n<\/ul>\n","protected":false},"featured_media":1000000055713,"comment_status":"open","ping_status":"closed","template":"","meta":{"_seopress_robots_primary_cat":"none","_seopress_titles_title":"Boiler electric Plat Perfetto D80-20ED2","_seopress_titles_desc":"Boilerul electric plat Perfetto D80-20ED2 este solu\u021bia ideal\u0103 pentru a asigura apa cald\u0103 necesar\u0103 \u00een gospod\u0103rie. Fabricat de Perfetto, acest model de boiler impresioneaz\u0103 prin designul s\u0103u plat, ce economise\u0219te spa\u021biu \u0219i se integreaz\u0103 perfect \u00een diverse tipuri de locuin\u021be. Cu o capacitate de rezervor de 50 litri \u0219i o putere de 2000 de wa\u021bi, acest echipament asigur\u0103 o \u00eenc\u0103lzire eficient\u0103 \u0219i rapid\u0103 a apei.","_seopress_robots_index":""},"product_cat":[1076,1077],"product_tag":[],"class_list":{"0":"post-1000000055716","1":"product","2":"type-product","3":"status-publish","4":"has-post-thumbnail","6":"product_cat-boiler","7":"product_cat-boiler-electric","8":"pa_brand-2-perfetto","9":"pa_instalare-verticala","10":"pa_producator-italia","11":"pa_volum-l-995","13":"first","14":"instock","15":"shipping-taxable","16":"product-type-simple"},"_links":{"self":[{"href":"https:\/\/amber.md\/ru\/wp-json\/wp\/v2\/product\/1000000055716","targetHints":{"allow":["GET"]}}],"collection":[{"href":"https:\/\/amber.md\/ru\/wp-json\/wp\/v2\/product"}],"about":[{"href":"https:\/\/amber.md\/ru\/wp-json\/wp\/v2\/types\/product"}],"replies":[{"embeddable":true,"href":"https:\/\/amber.md\/ru\/wp-json\/wp\/v2\/comments?post=1000000055716"}],"version-history":[{"count":1,"href":"https:\/\/amber.md\/ru\/wp-json\/wp\/v2\/product\/1000000055716\/revisions"}],"predecessor-version":[{"id":1000000055717,"href":"https:\/\/amber.md\/ru\/wp-json\/wp\/v2\/product\/1000000055716\/revisions\/1000000055717"}],"wp:featuredmedia":[{"embeddable":true,"href":"https:\/\/amber.md\/ru\/wp-json\/wp\/v2\/media\/1000000055713"}],"wp:attachment":[{"href":"https:\/\/amber.md\/ru\/wp-json\/wp\/v2\/media?parent=1000000055716"}],"wp:term":[{"taxonomy":"product_cat","embeddable":true,"href":"https:\/\/amber.md\/ru\/wp-json\/wp\/v2\/product_cat?post=1000000055716"},{"taxonomy":"product_tag","embeddable":true,"href":"https:\/\/amber.md\/ru\/wp-json\/wp\/v2\/product_tag?post=1000000055716"}],"curies":[{"name":"wp","href":"https:\/\/api.w.org\/{rel}","templated":true}]}}