{"id":1000000055710,"date":"2025-08-04T13:41:10","date_gmt":"2025-08-04T10:41:10","guid":{"rendered":"https:\/\/amber.md\/?post_type=product&#038;p=1000000055710"},"modified":"2025-08-04T13:42:53","modified_gmt":"2025-08-04T10:42:53","slug":"boiler-electric-ariston-velis-pro-eu-80-3100915","status":"publish","type":"product","link":"https:\/\/amber.md\/ru\/product\/boiler-electric-ariston-velis-pro-eu-80-3100915\/","title":{"rendered":"Boiler electric Ariston Velis Pro EU 80  \/ 3100915"},"content":{"rendered":"<ul>\n<li>\n<h2>Ariston VELIS Pro 80 EU \u2013 Boiler Electric cu Tehnologie avansat\u0103 pentru economii de energie.<\/h2>\n<p>Boilerul electric\u00a0<b>Ariston VELIS Pro 80 EU<\/b>\u00a0este alegerea perfect\u0103 pentru utilizatorii care doresc un boiler compact, performant \u0219i eficient energetic. Cu o capacitate de 50 de litri, acest model ofer\u0103 suficient\u0103 ap\u0103 cald\u0103 pentru familii sau locuin\u021be de dimensiuni medii. Tehnologia\u00a0<strong data-start=\"423\" data-end=\"438\">Double Tank<\/strong>\u00a0inovatoare asigur\u0103 o \u00eenc\u0103lzire rapid\u0103 a apei, economisind timp \u0219i energie. Sistemul\u00a0<strong data-start=\"523\" data-end=\"534\">Eco Evo<\/strong>\u00a0optimizeaz\u0103 consumul de energie, reduc\u00e2nd astfel costurile lunare de electricitate cu p\u00e2n\u0103 la 15%.<\/li>\n<\/ul>\n","protected":false},"excerpt":{"rendered":"<ul>\n<li>Boilerul beneficiaz\u0103 de un strat de protec\u021bie\u00a0<strong data-start=\"681\" data-end=\"693\">Titanium<\/strong>, care previne coroziunea \u0219i cre\u0219te durabilitatea produsului. Datorit\u0103\u00a0<strong data-start=\"764\" data-end=\"792\">designului ultra-sub\u021bire<\/strong>, Ariston VELIS Pro 80 EU se integreaz\u0103 perfect \u00een orice baie, economisind spa\u021biu, dar p\u0103str\u00e2nd un aspect elegant. Cu un control intuitiv al temperaturii \u0219i func\u021bionare extrem de silen\u021bioas\u0103, acest boiler ofer\u0103 o experien\u021b\u0103 de utilizare excelent\u0103.<\/li>\n<\/ul>\n","protected":false},"featured_media":1000000055707,"comment_status":"open","ping_status":"closed","template":"","meta":{"_seopress_robots_primary_cat":"none","_seopress_titles_title":"Boiler electric Ariston Velis Pro EU 80 \/ 3100915","_seopress_titles_desc":"Boilerul beneficiaz\u0103 de un strat de protec\u021bie Titanium, care previne coroziunea \u0219i cre\u0219te durabilitatea produsului. Datorit\u0103 designului ultra-sub\u021bire, Ariston VELIS Pro 80 EU se integreaz\u0103 perfect \u00een orice baie, economisind spa\u021biu, dar p\u0103str\u00e2nd un aspect elegant. Cu un control intuitiv al temperaturii \u0219i func\u021bionare extrem de silen\u021bioas\u0103, acest boiler ofer\u0103 o experien\u021b\u0103 de utilizare excelent\u0103.","_seopress_robots_index":""},"product_cat":[1076,1077],"product_tag":[],"class_list":{"0":"post-1000000055710","1":"product","2":"type-product","3":"status-publish","4":"has-post-thumbnail","6":"product_cat-boiler","7":"product_cat-boiler-electric","8":"pa_brand-1-ariston","9":"pa_instalare-verticala","10":"pa_producator-italia","11":"pa_volum-l-995","13":"first","14":"instock","15":"shipping-taxable","16":"product-type-simple"},"_links":{"self":[{"href":"https:\/\/amber.md\/ru\/wp-json\/wp\/v2\/product\/1000000055710","targetHints":{"allow":["GET"]}}],"collection":[{"href":"https:\/\/amber.md\/ru\/wp-json\/wp\/v2\/product"}],"about":[{"href":"https:\/\/amber.md\/ru\/wp-json\/wp\/v2\/types\/product"}],"replies":[{"embeddable":true,"href":"https:\/\/amber.md\/ru\/wp-json\/wp\/v2\/comments?post=1000000055710"}],"version-history":[{"count":1,"href":"https:\/\/amber.md\/ru\/wp-json\/wp\/v2\/product\/1000000055710\/revisions"}],"predecessor-version":[{"id":1000000055711,"href":"https:\/\/amber.md\/ru\/wp-json\/wp\/v2\/product\/1000000055710\/revisions\/1000000055711"}],"wp:featuredmedia":[{"embeddable":true,"href":"https:\/\/amber.md\/ru\/wp-json\/wp\/v2\/media\/1000000055707"}],"wp:attachment":[{"href":"https:\/\/amber.md\/ru\/wp-json\/wp\/v2\/media?parent=1000000055710"}],"wp:term":[{"taxonomy":"product_cat","embeddable":true,"href":"https:\/\/amber.md\/ru\/wp-json\/wp\/v2\/product_cat?post=1000000055710"},{"taxonomy":"product_tag","embeddable":true,"href":"https:\/\/amber.md\/ru\/wp-json\/wp\/v2\/product_tag?post=1000000055710"}],"curies":[{"name":"wp","href":"https:\/\/api.w.org\/{rel}","templated":true}]}}