{"id":1000000055697,"date":"2025-08-04T12:05:52","date_gmt":"2025-08-04T09:05:52","guid":{"rendered":"https:\/\/amber.md\/?post_type=product&#038;p=1000000055697"},"modified":"2025-08-04T12:09:09","modified_gmt":"2025-08-04T09:09:09","slug":"boiler-ariston-andris-elite-15u-5-eu-3105078","status":"publish","type":"product","link":"https:\/\/amber.md\/ru\/product\/boiler-ariston-andris-elite-15u-5-eu-3105078\/","title":{"rendered":"Boiler Ariston ANDRIS ELITE 15U\/5 EU \/3105078"},"content":{"rendered":"<ul>\n<li>Boilerul electric Ariston Andris Elite 10U-5 EU-3105078 este solu\u021bia perfect\u0103 pentru a avea ap\u0103 cald\u0103 \u00eentotdeauna la \u00eendem\u00e2n\u0103. Produc\u0103torul Ariston se remarc\u0103 prin calitatea \u0219i fiabilitatea produselor sale, iar acest model Andris Elite 15U-5 EU-3105078 nu face excep\u021bie. Cu un volum de rezervor de 10 litri \u0219i o putere de 1200 W, acest boiler este ideal pentru utilizarea \u00een baie sau buc\u0103t\u0103rie. Clasa energetic\u0103 A \u0219i temperatura maxim\u0103 de func\u021bionare de 80\u00b0C demonstreaz\u0103 eficien\u021ba \u0219i performan\u021ba acestui echipament. Boilerul electric Andris Elite 15U-5 EU-3105078 dispune de protec\u021bie \u00eempotriva supraincalzirii \u0219i ofer\u0103 posibilitatea regl\u0103rii temperaturii, asigur\u00e2ndu-\u021bi confortul optim \u00een utilizare. Cu un rezervor emailat ce garanteaz\u0103 durabilitatea \u0219i o dimensiune compact\u0103 de 36 x 36 x 29.8 cm, acesta se integreaz\u0103 perfect \u00een orice spa\u021biu. Greutatea redus\u0103 de 7.4 kg \u00eel<\/li>\n<\/ul>\n","protected":false},"excerpt":{"rendered":"<ul>\n<li>\u00a0Clasa energetic\u0103 A \u0219i temperatura maxim\u0103 de func\u021bionare de 80\u00b0C demonstreaz\u0103 eficien\u021ba \u0219i performan\u021ba acestui echipament. Boilerul electric Andris Elite 15U-5 EU-3105078 dispune de protec\u021bie \u00eempotriva supraincalzirii \u0219i ofer\u0103 posibilitatea regl\u0103rii temperaturii, asigur\u00e2ndu-\u021bi confortul optim \u00een utilizare.<\/li>\n<\/ul>\n","protected":false},"featured_media":1000000055683,"comment_status":"open","ping_status":"closed","template":"","meta":{"_seopress_robots_primary_cat":"none","_seopress_titles_title":"Boiler Ariston ANDRIS ELITE 15U\/5 EU \/3105078","_seopress_titles_desc":"Boilerul electric Andris Elite 10U-5 EU-3105078 dispune de protec\u021bie \u00eempotriva supraincalzirii \u0219i ofer\u0103 posibilitatea regl\u0103rii temperaturii, asigur\u00e2ndu-\u021bi confortul optim \u00een utilizare. Cu un rezervor emailat ce garanteaz\u0103 durabilitatea \u0219i o dimensiune compact\u0103 de 36 x 36 x 29.8 cm, acesta se integreaz\u0103 perfect \u00een orice spa\u021biu. Greutatea redus\u0103 de 7.4 kg","_seopress_robots_index":""},"product_cat":[1076,1077],"product_tag":[],"class_list":{"0":"post-1000000055697","1":"product","2":"type-product","3":"status-publish","4":"has-post-thumbnail","6":"product_cat-boiler","7":"product_cat-boiler-electric","8":"pa_brand-1-ariston","9":"pa_instalare-verticala","10":"pa_producator-italia","11":"pa_volum-l-1074","13":"first","14":"instock","15":"shipping-taxable","16":"product-type-simple"},"_links":{"self":[{"href":"https:\/\/amber.md\/ru\/wp-json\/wp\/v2\/product\/1000000055697","targetHints":{"allow":["GET"]}}],"collection":[{"href":"https:\/\/amber.md\/ru\/wp-json\/wp\/v2\/product"}],"about":[{"href":"https:\/\/amber.md\/ru\/wp-json\/wp\/v2\/types\/product"}],"replies":[{"embeddable":true,"href":"https:\/\/amber.md\/ru\/wp-json\/wp\/v2\/comments?post=1000000055697"}],"version-history":[{"count":1,"href":"https:\/\/amber.md\/ru\/wp-json\/wp\/v2\/product\/1000000055697\/revisions"}],"predecessor-version":[{"id":1000000055698,"href":"https:\/\/amber.md\/ru\/wp-json\/wp\/v2\/product\/1000000055697\/revisions\/1000000055698"}],"wp:featuredmedia":[{"embeddable":true,"href":"https:\/\/amber.md\/ru\/wp-json\/wp\/v2\/media\/1000000055683"}],"wp:attachment":[{"href":"https:\/\/amber.md\/ru\/wp-json\/wp\/v2\/media?parent=1000000055697"}],"wp:term":[{"taxonomy":"product_cat","embeddable":true,"href":"https:\/\/amber.md\/ru\/wp-json\/wp\/v2\/product_cat?post=1000000055697"},{"taxonomy":"product_tag","embeddable":true,"href":"https:\/\/amber.md\/ru\/wp-json\/wp\/v2\/product_tag?post=1000000055697"}],"curies":[{"name":"wp","href":"https:\/\/api.w.org\/{rel}","templated":true}]}}