{"id":1000000055682,"date":"2025-08-04T11:47:07","date_gmt":"2025-08-04T08:47:07","guid":{"rendered":"https:\/\/amber.md\/?post_type=product&#038;p=1000000055682"},"modified":"2025-08-04T11:50:32","modified_gmt":"2025-08-04T08:50:32","slug":"boiler-ariston-andris-lux-eco-15-5-eu-3100349","status":"publish","type":"product","link":"https:\/\/amber.md\/ru\/product\/boiler-ariston-andris-lux-eco-15-5-eu-3100349\/","title":{"rendered":"Boiler Ariston ANDRIS LUX ECO 15\/5 EU \/3100349"},"content":{"rendered":"<ul>\n<li>Boilerul electric Ariston Andris Lux Eco 15L este solu\u021bia perfect\u0103 pentru a avea ap\u0103 cald\u0103 rapid \u0219i eficient \u00een locuin\u021ba ta. Fabricat de Ariston, acest model combina performan\u021ba excelent\u0103 cu un design modern \u0219i compact. Cu puterea de 1.2 kW \u0219i o capacitate de 15 litri, acest boiler poate asigura apa cald\u0103 necesar\u0103 pentru diverse activit\u0103\u021bi casnice.<\/li>\n<\/ul>\n","protected":false},"excerpt":{"rendered":"<p>Temperatura maxim\u0103 de func\u021bionare de 80 \u00b0C \u00ee\u021bi ofer\u0103 confortul dorit, iar timpul de \u00eenc\u0103lzire de doar 30 de minute asigur\u0103 eficien\u021ba energetic\u0103. Cu dimensiunile sale compacte de 360x360x298 mm \u0219i greutatea de 6.6 kg, acest boiler este u\u0219or de instalat \u00een orice spa\u021biu.<\/p>\n","protected":false},"featured_media":1000000055683,"comment_status":"open","ping_status":"closed","template":"","meta":{"_seopress_robots_primary_cat":"none","_seopress_titles_title":"Boiler Ariston ANDRIS LUX ECO 15\/5 EU \/3100349","_seopress_titles_desc":"Acest model func\u021bioneaz\u0103 la o tensiune de 220 V \u0219i suport\u0103 o presiune maxim\u0103 de 8 baruri, asigur\u00e2nd astfel performan\u021be excelente \u0219i fiabilitate pe termen lung. Elementul de \u00eenc\u0103lzire tip deschis (umed) \u00ee\u021bi garanteaz\u0103 c\u0103 vei beneficia de ap\u0103 fierbinte rapid \u0219i eficient. De asemenea,","_seopress_robots_index":""},"product_cat":[1076,1077],"product_tag":[],"class_list":{"0":"post-1000000055682","1":"product","2":"type-product","3":"status-publish","4":"has-post-thumbnail","6":"product_cat-boiler","7":"product_cat-boiler-electric","8":"pa_brand-1-ariston","9":"pa_instalare-verticala","10":"pa_producator-italia","11":"pa_volum-l-1074","13":"first","14":"instock","15":"shipping-taxable","16":"product-type-simple"},"_links":{"self":[{"href":"https:\/\/amber.md\/ru\/wp-json\/wp\/v2\/product\/1000000055682","targetHints":{"allow":["GET"]}}],"collection":[{"href":"https:\/\/amber.md\/ru\/wp-json\/wp\/v2\/product"}],"about":[{"href":"https:\/\/amber.md\/ru\/wp-json\/wp\/v2\/types\/product"}],"replies":[{"embeddable":true,"href":"https:\/\/amber.md\/ru\/wp-json\/wp\/v2\/comments?post=1000000055682"}],"version-history":[{"count":1,"href":"https:\/\/amber.md\/ru\/wp-json\/wp\/v2\/product\/1000000055682\/revisions"}],"predecessor-version":[{"id":1000000055689,"href":"https:\/\/amber.md\/ru\/wp-json\/wp\/v2\/product\/1000000055682\/revisions\/1000000055689"}],"wp:featuredmedia":[{"embeddable":true,"href":"https:\/\/amber.md\/ru\/wp-json\/wp\/v2\/media\/1000000055683"}],"wp:attachment":[{"href":"https:\/\/amber.md\/ru\/wp-json\/wp\/v2\/media?parent=1000000055682"}],"wp:term":[{"taxonomy":"product_cat","embeddable":true,"href":"https:\/\/amber.md\/ru\/wp-json\/wp\/v2\/product_cat?post=1000000055682"},{"taxonomy":"product_tag","embeddable":true,"href":"https:\/\/amber.md\/ru\/wp-json\/wp\/v2\/product_tag?post=1000000055682"}],"curies":[{"name":"wp","href":"https:\/\/api.w.org\/{rel}","templated":true}]}}