{"id":1000000053277,"date":"2025-05-22T11:04:00","date_gmt":"2025-05-22T08:04:00","guid":{"rendered":"https:\/\/amber.md\/?post_type=product&#038;p=1000000053277"},"modified":"2026-04-23T04:05:09","modified_gmt":"2026-04-23T01:05:09","slug":"climatizator-auratsu-osaka-18000-btu-atc-18clhi-atc-18clho","status":"publish","type":"product","link":"https:\/\/amber.md\/ru\/product\/climatizator-auratsu-osaka-18000-btu-atc-18clhi-atc-18clho\/","title":{"rendered":"Climatizator  Auratsu Osaka 18000 BTU ( ATC-18CLHI \/ ATC-18CLHO )"},"content":{"rendered":"<ul>\n<li><strong>Auratsu Osaka ATC-18CLHI<\/strong>\u00a0este un aparat de aer condi\u021bionat compact \u0219i extrem de eficient, care este ideal pentru crearea unui microclimat confortabil \u00een \u00eenc\u0103peri mici, precum dormitoare, livinguri sau birouri. Acesta \u00eembin\u0103 tehnologiile avansate, designul elegant \u0219i u\u0219urin\u021ba \u00een utilizare.<\/li>\n<\/ul>\n","protected":false},"excerpt":{"rendered":"<p>Un sistem inovator de aer condi\u021bionat asigur\u0103 direc\u021bionarea aerului rece \u00een sus, pentru o r\u0103corire ampl\u0103, \u00een stil \u201edu\u0219\u201d. Aerul cald este suflat \u00een jos, pentru a oferi un flux de aer mai p\u0103trunz\u0103tor, de tip \u201ep\u0103tur\u0103\u201d. Aerul este distribuit mai uniform &#8211; evit\u00e2nd distribuirea aerului cald \u0219i \u00eenfundat sau extrem de rece.<\/p>\n","protected":false},"featured_media":1000000053241,"comment_status":"open","ping_status":"closed","template":"","meta":{"_seopress_robots_primary_cat":"none","_seopress_titles_title":"Climatizator Auratsu Osaka 18000 BTU","_seopress_titles_desc":"Dispozitivul este echipat cu un strat de acoperire Golden Fins pentru schimb\u0103torul de c\u0103ldur\u0103, care \u00eel protejeaz\u0103 \u00eempotriva coroziunii \u0219i prelunge\u0219te durata de via\u021b\u0103 a aparatului. Filtrul cu ioni de argint asigur\u0103 puritatea aerului, distrug\u00e2nd eficient bacteriile \u0219i elimin\u00e2nd alergenii. Modulul Wi-Fi \u00eencorporat permite controlul convenabil al aparatului de la distan\u021b\u0103, utiliz\u00e2nd dispozitive mobile, ceea ce face utilizarea acestuia c\u00e2t mai confortabil\u0103.","_seopress_robots_index":""},"product_cat":[8538,1033],"product_tag":[],"class_list":{"0":"post-1000000053277","1":"product","2":"type-product","3":"status-publish","4":"has-post-thumbnail","6":"product_cat-conditionere-inverter","7":"product_cat-climatizoare","8":"pa_brand-auratsu","9":"pa_inverter-da","10":"pa_producator-polonia","11":"pa_putere-aparat-btu-4244","12":"pa_suprafata-m-4245","13":"pa_tip-freon-r32","15":"first","16":"instock","17":"shipping-taxable","18":"product-type-simple"},"_links":{"self":[{"href":"https:\/\/amber.md\/ru\/wp-json\/wp\/v2\/product\/1000000053277","targetHints":{"allow":["GET"]}}],"collection":[{"href":"https:\/\/amber.md\/ru\/wp-json\/wp\/v2\/product"}],"about":[{"href":"https:\/\/amber.md\/ru\/wp-json\/wp\/v2\/types\/product"}],"replies":[{"embeddable":true,"href":"https:\/\/amber.md\/ru\/wp-json\/wp\/v2\/comments?post=1000000053277"}],"version-history":[{"count":1,"href":"https:\/\/amber.md\/ru\/wp-json\/wp\/v2\/product\/1000000053277\/revisions"}],"predecessor-version":[{"id":1000000053278,"href":"https:\/\/amber.md\/ru\/wp-json\/wp\/v2\/product\/1000000053277\/revisions\/1000000053278"}],"wp:featuredmedia":[{"embeddable":true,"href":"https:\/\/amber.md\/ru\/wp-json\/wp\/v2\/media\/1000000053241"}],"wp:attachment":[{"href":"https:\/\/amber.md\/ru\/wp-json\/wp\/v2\/media?parent=1000000053277"}],"wp:term":[{"taxonomy":"product_cat","embeddable":true,"href":"https:\/\/amber.md\/ru\/wp-json\/wp\/v2\/product_cat?post=1000000053277"},{"taxonomy":"product_tag","embeddable":true,"href":"https:\/\/amber.md\/ru\/wp-json\/wp\/v2\/product_tag?post=1000000053277"}],"curies":[{"name":"wp","href":"https:\/\/api.w.org\/{rel}","templated":true}]}}