{"id":1000000053193,"date":"2025-05-20T10:47:13","date_gmt":"2025-05-20T07:47:13","guid":{"rendered":"https:\/\/amber.md\/?post_type=product&#038;p=1000000053193"},"modified":"2025-05-23T10:21:12","modified_gmt":"2025-05-23T07:21:12","slug":"climatizator-inverter-perfetto-elite-by-tcl-tgl9-cu-wifi","status":"publish","type":"product","link":"https:\/\/amber.md\/ru\/product\/climatizator-inverter-perfetto-elite-by-tcl-tgl9-cu-wifi\/","title":{"rendered":"Climatizator Inverter Perfetto ELITE  by TCL TGL9, cu wifi"},"content":{"rendered":"<ul>\n<li>Modul iFeel permite m\u0103surarea temperaturii mediului direct prin intermediul unui senzor \u00eencorporat \u00een telecomand\u0103. Relaxa\u021bi-v\u0103 \u00eentr-un confort sporit, cu ajutorul citirilor de \u00eenalt\u0103 precizie din camer\u0103 \u0219i a furniz\u0103rii aerului.<\/li>\n<\/ul>\n","protected":false},"excerpt":{"rendered":"<p>Un sistem inovator de aer condi\u021bionat asigur\u0103 direc\u021bionarea aerului rece \u00een sus, pentru o r\u0103corire ampl\u0103, \u00een stil \u201edu\u0219\u201d. Aerul cald este suflat \u00een jos, pentru a oferi un flux de aer mai p\u0103trunz\u0103tor, de tip \u201ep\u0103tur\u0103\u201d. Aerul este distribuit mai uniform &#8211; evit\u00e2nd distribuirea aerului cald \u0219i \u00eenfundat sau extrem de rece.<\/p>\n","protected":false},"featured_media":1000000053201,"comment_status":"open","ping_status":"closed","template":"","meta":{"_seopress_robots_primary_cat":"none","_seopress_titles_title":"Climatizator Inverter Perfetto ELITE by TCL TGL9, cu wifi","_seopress_titles_desc":"Ac\u021biona\u021bi modul Eco pentru un program fix, optimizat pentru eficien\u021b\u0103, de 26 \u2103. Conceput pentru a fi mai prietenos cu mediul, economisind la facturile de electricitate \u0219i men\u021bin\u00e2nd un interval de temperatur\u0103 str\u00e2ns. Ideal pentru performan\u021be de fundal responsabile, f\u0103r\u0103 probleme.","_seopress_robots_index":""},"product_cat":[8538,1033],"product_tag":[],"class_list":{"0":"post-1000000053193","1":"product","2":"type-product","3":"status-publish","4":"has-post-thumbnail","6":"product_cat-conditionere-inverter","7":"product_cat-climatizoare","8":"pa_brand-2-perfetto","9":"pa_inverter-da","10":"pa_producator-polonia","11":"pa_putere-aparat-btu-4242","12":"pa_suprafata-m-4243","13":"pa_tip-freon-r32","15":"first","16":"instock","17":"shipping-taxable","18":"product-type-simple"},"_links":{"self":[{"href":"https:\/\/amber.md\/ru\/wp-json\/wp\/v2\/product\/1000000053193","targetHints":{"allow":["GET"]}}],"collection":[{"href":"https:\/\/amber.md\/ru\/wp-json\/wp\/v2\/product"}],"about":[{"href":"https:\/\/amber.md\/ru\/wp-json\/wp\/v2\/types\/product"}],"replies":[{"embeddable":true,"href":"https:\/\/amber.md\/ru\/wp-json\/wp\/v2\/comments?post=1000000053193"}],"version-history":[{"count":1,"href":"https:\/\/amber.md\/ru\/wp-json\/wp\/v2\/product\/1000000053193\/revisions"}],"predecessor-version":[{"id":1000000053200,"href":"https:\/\/amber.md\/ru\/wp-json\/wp\/v2\/product\/1000000053193\/revisions\/1000000053200"}],"wp:featuredmedia":[{"embeddable":true,"href":"https:\/\/amber.md\/ru\/wp-json\/wp\/v2\/media\/1000000053201"}],"wp:attachment":[{"href":"https:\/\/amber.md\/ru\/wp-json\/wp\/v2\/media?parent=1000000053193"}],"wp:term":[{"taxonomy":"product_cat","embeddable":true,"href":"https:\/\/amber.md\/ru\/wp-json\/wp\/v2\/product_cat?post=1000000053193"},{"taxonomy":"product_tag","embeddable":true,"href":"https:\/\/amber.md\/ru\/wp-json\/wp\/v2\/product_tag?post=1000000053193"}],"curies":[{"name":"wp","href":"https:\/\/api.w.org\/{rel}","templated":true}]}}