{"id":1000000053185,"date":"2025-05-20T09:34:53","date_gmt":"2025-05-20T06:34:53","guid":{"rendered":"https:\/\/amber.md\/?post_type=product&#038;p=1000000053185"},"modified":"2026-04-23T04:05:07","modified_gmt":"2026-04-23T01:05:07","slug":"climatizator-inverter-kaisai-by-midea-fly-18000-btu-kwx-18krhikwx-18krho","status":"publish","type":"product","link":"https:\/\/amber.md\/ru\/product\/climatizator-inverter-kaisai-by-midea-fly-18000-btu-kwx-18krhikwx-18krho\/","title":{"rendered":"Climatizator inverter Kaisai by Midea FLY 18000 BTU (KWX-18KRHI+KWX-18KRHO)"},"content":{"rendered":"<ul>\n<li><strong>Kaisai Fly<\/strong>\u00a0este un aparat de aer condi\u021bionat montat pe perete, \u00eentr-o versiune nou\u0103 \u0219i \u00eembun\u0103t\u0103\u021bit\u0103, care combin\u0103 func\u021bionalitatea cu tehnologiile avansate de cea mai \u00eenalt\u0103 calitate.<\/li>\n<li>Principalul avantaj al dispozitivului este\u00a0<strong>filtrul catalitic rece<\/strong>, care neutralizeaz\u0103 instantaneu substan\u021bele nocive precum monoxidul de carbon, hidrogenul sulfurat \u0219i amoniacul. Un suport suplimentar pentru filtrarea aerului este oferit de\u00a0<strong>filtrul Bio HEPA<\/strong>, care re\u021bine eficient p\u00e2n\u0103 la 99% din particulele de praf \u0219i bacterii, precum \u0219i p\u00e2n\u0103 la 95% din particulele cu dimensiuni \u00eentre 0,1 \u0219i 0,3 \u00b5m, inclusiv ciuperci \u0219i virusuri.<\/li>\n<\/ul>\n","protected":false},"excerpt":{"rendered":"<p>Kaisai Fly este indispensabil pentru purificarea aerului de particulele \u00een suspensie care formeaz\u0103 smogul. O caracteristic\u0103 unic\u0103 a dispozitivului este\u00a0<strong>capacitatea de a \u00eenc\u0103lzi \u00eenc\u0103perile chiar \u0219i la temperaturi exterioare de p\u00e2n\u0103 la -25\u00b0C<\/strong>.<\/p>\n","protected":false},"featured_media":1000000053188,"comment_status":"open","ping_status":"closed","template":"","meta":{"_seopress_robots_primary_cat":"none","_seopress_titles_title":"Climatizator inverter Kaisai by Midea FLY 18000 BTU","_seopress_titles_desc":"Aparatul de aer condi\u021bionat montat pe perete KAISAI FLY este o combina\u021bie unic\u0103 de inova\u021bie \u0219i eficien\u021b\u0103 \u00een men\u021binerea calit\u0103\u021bii aerului. Echipat cu un filtru catalitic rece, elimin\u0103 eficient o gam\u0103 larg\u0103 de substan\u021be chimice, inclusiv monoxid de carbon, hidrogen sulfurat, amoniac, benzen \u0219i formaldehide.","_seopress_robots_index":""},"product_cat":[8538,1033],"product_tag":[],"class_list":{"0":"post-1000000053185","1":"product","2":"type-product","3":"status-publish","4":"has-post-thumbnail","6":"product_cat-conditionere-inverter","7":"product_cat-climatizoare","8":"pa_brand-kaisai","9":"pa_inverter-da","10":"pa_producator-polonia","11":"pa_putere-aparat-btu-4244","12":"pa_suprafata-m-4245","13":"pa_tip-freon-r32","15":"first","16":"instock","17":"shipping-taxable","18":"product-type-simple"},"_links":{"self":[{"href":"https:\/\/amber.md\/ru\/wp-json\/wp\/v2\/product\/1000000053185","targetHints":{"allow":["GET"]}}],"collection":[{"href":"https:\/\/amber.md\/ru\/wp-json\/wp\/v2\/product"}],"about":[{"href":"https:\/\/amber.md\/ru\/wp-json\/wp\/v2\/types\/product"}],"replies":[{"embeddable":true,"href":"https:\/\/amber.md\/ru\/wp-json\/wp\/v2\/comments?post=1000000053185"}],"version-history":[{"count":1,"href":"https:\/\/amber.md\/ru\/wp-json\/wp\/v2\/product\/1000000053185\/revisions"}],"predecessor-version":[{"id":1000000053192,"href":"https:\/\/amber.md\/ru\/wp-json\/wp\/v2\/product\/1000000053185\/revisions\/1000000053192"}],"wp:featuredmedia":[{"embeddable":true,"href":"https:\/\/amber.md\/ru\/wp-json\/wp\/v2\/media\/1000000053188"}],"wp:attachment":[{"href":"https:\/\/amber.md\/ru\/wp-json\/wp\/v2\/media?parent=1000000053185"}],"wp:term":[{"taxonomy":"product_cat","embeddable":true,"href":"https:\/\/amber.md\/ru\/wp-json\/wp\/v2\/product_cat?post=1000000053185"},{"taxonomy":"product_tag","embeddable":true,"href":"https:\/\/amber.md\/ru\/wp-json\/wp\/v2\/product_tag?post=1000000053185"}],"curies":[{"name":"wp","href":"https:\/\/api.w.org\/{rel}","templated":true}]}}