{"id":1000000053179,"date":"2025-05-20T09:24:05","date_gmt":"2025-05-20T06:24:05","guid":{"rendered":"https:\/\/amber.md\/?post_type=product&#038;p=1000000053179"},"modified":"2026-04-23T04:05:07","modified_gmt":"2026-04-23T01:05:07","slug":"climatizator-inverter-kaisai-ice-negru-9000-btu-klb-09hrhi-klwb-09hrho","status":"publish","type":"product","link":"https:\/\/amber.md\/ru\/product\/climatizator-inverter-kaisai-ice-negru-9000-btu-klb-09hrhi-klwb-09hrho\/","title":{"rendered":"Climatizator inverter Kaisai ICE negru 9000 BTU ( KLB-09HRHI \/ KLWB-09HRHO)"},"content":{"rendered":"<ul>\n<li>Aparatul de aer condi\u021bionat de perete Kaisai ICE este o unitate cu un panou modern \u0219i elegant \u00een versiunile alb \u0219i negru.<\/li>\n<li>\u00cen plus fa\u021b\u0103 de schema de culori, acesta are, de asemenea, cea mai \u00eenalt\u0103 clas\u0103 de eficien\u021b\u0103 energetic\u0103 \u0219i o gam\u0103 larg\u0103 de op\u021biuni de control.<\/li>\n<\/ul>\n","protected":false},"excerpt":{"rendered":"<p>Kaisai ICE este echipat cu o serie de caracteristici care au grij\u0103 de s\u0103n\u0103tatea \u0219i confortul ridicat al utilizatorului.<\/p>\n<p>Ionizarea aerului elimin\u0103 acarienii, mucegaiul, bacteriile \u0219i viru\u0219ii din mediu, umidific\u0103 aerul \u0219i ofer\u0103 o senza\u021bie pl\u0103cut\u0103 de prospe\u021bime \u00een camera cu aer condi\u021bionat.<\/p>\n","protected":false},"featured_media":1000000053170,"comment_status":"open","ping_status":"closed","template":"","meta":{"_seopress_robots_primary_cat":"none","_seopress_titles_title":"Climatizator inverter Kaisai ICE negru 9000 BTU","_seopress_titles_desc":"Func\u021bia de purificare este sus\u021binut\u0103 \u00een continuare de un filtru Bio-HEPA care re\u021bine particulele de murd\u0103rie \u0219i microorganismele.","_seopress_robots_index":""},"product_cat":[8538,1033],"product_tag":[],"class_list":{"0":"post-1000000053179","1":"product","2":"type-product","3":"status-publish","4":"has-post-thumbnail","6":"product_cat-conditionere-inverter","7":"product_cat-climatizoare","8":"pa_brand-kaisai","9":"pa_inverter-da","10":"pa_producator-polonia","11":"pa_putere-aparat-btu-4242","12":"pa_suprafata-m-4243","13":"pa_tip-freon-r32","15":"first","16":"instock","17":"shipping-taxable","18":"product-type-simple"},"_links":{"self":[{"href":"https:\/\/amber.md\/ru\/wp-json\/wp\/v2\/product\/1000000053179","targetHints":{"allow":["GET"]}}],"collection":[{"href":"https:\/\/amber.md\/ru\/wp-json\/wp\/v2\/product"}],"about":[{"href":"https:\/\/amber.md\/ru\/wp-json\/wp\/v2\/types\/product"}],"replies":[{"embeddable":true,"href":"https:\/\/amber.md\/ru\/wp-json\/wp\/v2\/comments?post=1000000053179"}],"version-history":[{"count":1,"href":"https:\/\/amber.md\/ru\/wp-json\/wp\/v2\/product\/1000000053179\/revisions"}],"predecessor-version":[{"id":1000000053180,"href":"https:\/\/amber.md\/ru\/wp-json\/wp\/v2\/product\/1000000053179\/revisions\/1000000053180"}],"wp:featuredmedia":[{"embeddable":true,"href":"https:\/\/amber.md\/ru\/wp-json\/wp\/v2\/media\/1000000053170"}],"wp:attachment":[{"href":"https:\/\/amber.md\/ru\/wp-json\/wp\/v2\/media?parent=1000000053179"}],"wp:term":[{"taxonomy":"product_cat","embeddable":true,"href":"https:\/\/amber.md\/ru\/wp-json\/wp\/v2\/product_cat?post=1000000053179"},{"taxonomy":"product_tag","embeddable":true,"href":"https:\/\/amber.md\/ru\/wp-json\/wp\/v2\/product_tag?post=1000000053179"}],"curies":[{"name":"wp","href":"https:\/\/api.w.org\/{rel}","templated":true}]}}