{"id":1000000053130,"date":"2025-05-19T12:38:48","date_gmt":"2025-05-19T09:38:48","guid":{"rendered":"https:\/\/amber.md\/?post_type=product&#038;p=1000000053130"},"modified":"2026-04-23T04:05:04","modified_gmt":"2026-04-23T01:05:04","slug":"climatizator-inverter-tip-caseta-kaisai-by-midea-kca-18000-btu","status":"publish","type":"product","link":"https:\/\/amber.md\/ru\/product\/climatizator-inverter-tip-caseta-kaisai-by-midea-kca-18000-btu\/","title":{"rendered":"Climatizator inverter tip caseta Kaisai by Midea KCA 18000 BTU"},"content":{"rendered":"<ul>\n<li>Mod de func\u021bionare: Auto, R\u0103cire, \u00cenc\u0103lzire, Ventila\u021bie<\/li>\n<li>Motor DC de \u00eenalt\u0103 eficien\u021b\u0103<\/li>\n<li>Design inovator al schimb\u0103torului de c\u0103ldur\u0103<\/li>\n<li>Rating ridicat SEER\/SCOP<\/li>\n<li>Reglarea ventilatorului cu telecomand\u0103<\/li>\n<li>Timer on\/off<\/li>\n<\/ul>\n","protected":false},"excerpt":{"rendered":"<p>Acestea sunt echipate cu o func\u021bie de alimentare cu aer proasp\u0103t \u0219i au capacitatea de a uni dou\u0103 unit\u0103\u021bi \u00eentr-o singur\u0103 unitate exterioar\u0103. Gama noastr\u0103 include dou\u0103 tipuri de unit\u0103\u021bi caset\u0103 &#8211; Compact \u0219i Slim.<\/p>\n","protected":false},"featured_media":1000000053127,"comment_status":"open","ping_status":"closed","template":"","meta":{"_seopress_robots_primary_cat":"none","_seopress_titles_title":"Climatizator inverter tip caseta Kaisai by Midea KCA 18000 BTU","_seopress_titles_desc":"Unit\u0103\u021bile cu casete KAISAI sunt echipate cu un ventilator silen\u021bios \u0219i o alimentare cu aer \u00een 4 direc\u021bii care asigur\u0103 o distribu\u021bie egal\u0103 a aerului. Unit\u0103\u021bile compacte de aer condi\u021bionat sunt foarte eficiente \u0219i ofer\u0103 un confort de utilizare excep\u021bional.","_seopress_robots_index":""},"product_cat":[8538,1033],"product_tag":[],"class_list":{"0":"post-1000000053130","1":"product","2":"type-product","3":"status-publish","4":"has-post-thumbnail","6":"product_cat-conditionere-inverter","7":"product_cat-climatizoare","8":"pa_brand-kaisai","9":"pa_inverter-da","10":"pa_producator-polonia","11":"pa_putere-aparat-btu-4244","12":"pa_suprafata-m-4245","13":"pa_tip-freon-r32","15":"first","16":"instock","17":"shipping-taxable","18":"product-type-simple"},"_links":{"self":[{"href":"https:\/\/amber.md\/ru\/wp-json\/wp\/v2\/product\/1000000053130","targetHints":{"allow":["GET"]}}],"collection":[{"href":"https:\/\/amber.md\/ru\/wp-json\/wp\/v2\/product"}],"about":[{"href":"https:\/\/amber.md\/ru\/wp-json\/wp\/v2\/types\/product"}],"replies":[{"embeddable":true,"href":"https:\/\/amber.md\/ru\/wp-json\/wp\/v2\/comments?post=1000000053130"}],"version-history":[{"count":1,"href":"https:\/\/amber.md\/ru\/wp-json\/wp\/v2\/product\/1000000053130\/revisions"}],"predecessor-version":[{"id":1000000053131,"href":"https:\/\/amber.md\/ru\/wp-json\/wp\/v2\/product\/1000000053130\/revisions\/1000000053131"}],"wp:featuredmedia":[{"embeddable":true,"href":"https:\/\/amber.md\/ru\/wp-json\/wp\/v2\/media\/1000000053127"}],"wp:attachment":[{"href":"https:\/\/amber.md\/ru\/wp-json\/wp\/v2\/media?parent=1000000053130"}],"wp:term":[{"taxonomy":"product_cat","embeddable":true,"href":"https:\/\/amber.md\/ru\/wp-json\/wp\/v2\/product_cat?post=1000000053130"},{"taxonomy":"product_tag","embeddable":true,"href":"https:\/\/amber.md\/ru\/wp-json\/wp\/v2\/product_tag?post=1000000053130"}],"curies":[{"name":"wp","href":"https:\/\/api.w.org\/{rel}","templated":true}]}}