{"id":1000000053098,"date":"2025-05-19T11:42:25","date_gmt":"2025-05-19T08:42:25","guid":{"rendered":"https:\/\/amber.md\/?post_type=product&#038;p=1000000053098"},"modified":"2026-04-23T04:00:22","modified_gmt":"2026-04-23T01:00:22","slug":"climatizor-ariston-inverter-alys-r32-c-50-mudo-3381411","status":"publish","type":"product","link":"https:\/\/amber.md\/ru\/product\/climatizor-ariston-inverter-alys-r32-c-50-mudo-3381411\/","title":{"rendered":"Climatizor Ariston Inverter ALYS R32 C 50 MUDO\/3381411"},"content":{"rendered":"<ul>\n<li>Este clasificat ca fiind netoxic;<\/li>\n<li>Func\u021bioneaz\u0103 f\u0103r\u0103 probleme;<\/li>\n<li>Au o eficien\u021b\u0103 m\u0103rit\u0103 \u00een compara\u021bie cu aparatele de aer tradi\u021bionale;<\/li>\n<li>Au o durat\u0103 de via\u021b\u0103 extins\u0103 pentru componente.<\/li>\n<\/ul>\n","protected":false},"excerpt":{"rendered":"<p>Aparat aer conditionat inverter ARISTON ALYS R32 C 50, Clasa A++\/A+<\/p>\n","protected":false},"featured_media":1000000053085,"comment_status":"open","ping_status":"closed","template":"","meta":{"_seopress_robots_primary_cat":"none","_seopress_titles_title":"Climatizor Ariston Inverter ALYS R32 C 50 MUDO","_seopress_titles_desc":"Aer condi\u021bionat mono split cu tehnologie 2D inverter \u0219i agent frigorific R32, mai prietenos cu mediul. Se poate conecta la Wi-Fi prin Ariston Clima cu ajutorul unui kit op\u021bional.","_seopress_robots_index":""},"product_cat":[8538,1033],"product_tag":[],"class_list":{"0":"post-1000000053098","1":"product","2":"type-product","3":"status-publish","4":"has-post-thumbnail","6":"product_cat-conditionere-inverter","7":"product_cat-climatizoare","8":"pa_brand-1-ariston","9":"pa_inverter-da","10":"pa_producator-italia","11":"pa_putere-aparat-btu-4244","12":"pa_suprafata-m-4245","13":"pa_tip-freon-r32","15":"first","16":"instock","17":"shipping-taxable","18":"product-type-simple"},"_links":{"self":[{"href":"https:\/\/amber.md\/ru\/wp-json\/wp\/v2\/product\/1000000053098","targetHints":{"allow":["GET"]}}],"collection":[{"href":"https:\/\/amber.md\/ru\/wp-json\/wp\/v2\/product"}],"about":[{"href":"https:\/\/amber.md\/ru\/wp-json\/wp\/v2\/types\/product"}],"replies":[{"embeddable":true,"href":"https:\/\/amber.md\/ru\/wp-json\/wp\/v2\/comments?post=1000000053098"}],"version-history":[{"count":2,"href":"https:\/\/amber.md\/ru\/wp-json\/wp\/v2\/product\/1000000053098\/revisions"}],"predecessor-version":[{"id":1000000053100,"href":"https:\/\/amber.md\/ru\/wp-json\/wp\/v2\/product\/1000000053098\/revisions\/1000000053100"}],"wp:featuredmedia":[{"embeddable":true,"href":"https:\/\/amber.md\/ru\/wp-json\/wp\/v2\/media\/1000000053085"}],"wp:attachment":[{"href":"https:\/\/amber.md\/ru\/wp-json\/wp\/v2\/media?parent=1000000053098"}],"wp:term":[{"taxonomy":"product_cat","embeddable":true,"href":"https:\/\/amber.md\/ru\/wp-json\/wp\/v2\/product_cat?post=1000000053098"},{"taxonomy":"product_tag","embeddable":true,"href":"https:\/\/amber.md\/ru\/wp-json\/wp\/v2\/product_tag?post=1000000053098"}],"curies":[{"name":"wp","href":"https:\/\/api.w.org\/{rel}","templated":true}]}}