{"id":1000000053039,"date":"2025-05-19T09:17:39","date_gmt":"2025-05-19T06:17:39","guid":{"rendered":"https:\/\/amber.md\/?post_type=product&#038;p=1000000053039"},"modified":"2026-04-23T03:55:41","modified_gmt":"2026-04-23T00:55:41","slug":"climatizator-inverter-ariston-prios-50-mud0","status":"publish","type":"product","link":"https:\/\/amber.md\/ru\/product\/climatizator-inverter-ariston-prios-50-mud0\/","title":{"rendered":"Climatizator inverter Ariston PRIOS 50 MUD0"},"content":{"rendered":"<ul>\n<li>Este clasificat ca fiind netoxic;<\/li>\n<li>Func\u021bioneaz\u0103 f\u0103r\u0103 probleme;<\/li>\n<li>Au o eficien\u021b\u0103 m\u0103rit\u0103 \u00een compara\u021bie cu aparatele de aer tradi\u021bionale;<\/li>\n<li>Au o durat\u0103 de via\u021b\u0103 extins\u0103 pentru componente.<\/li>\n<\/ul>\n","protected":false},"excerpt":{"rendered":"<p>Climatizator Ariston este o serie nou\u0103 de aparate de aer condi\u021bionat, de ultim\u0103 genera\u021bie, cu agent frigorific, cu un design fin pentru unitatea interioar\u0103. U\u0219or de \u00eentre\u021binut cu debit volumetric de aer \u00een func\u021bie de nevoile utilizatorului. Folose\u0219te mai pu\u021bin\u0103 energie electric\u0103 pentrua func\u021biona \u0219i va p\u0103stra temperatura exact a\u0219a cum a fost setat.<\/p>\n","protected":false},"featured_media":1000000007898,"comment_status":"open","ping_status":"closed","template":"","meta":{"_seopress_robots_primary_cat":"none","_seopress_titles_title":"","_seopress_titles_desc":"","_seopress_robots_index":""},"product_cat":[8538,1033],"product_tag":[],"class_list":{"0":"post-1000000053039","1":"product","2":"type-product","3":"status-publish","4":"has-post-thumbnail","6":"product_cat-conditionere-inverter","7":"product_cat-climatizoare","8":"pa_brand-1-ariston","9":"pa_dimensiuni-mm-1035x295x380","10":"pa_inverter-da","11":"pa_producator-italia","12":"pa_putere-aparat-btu-4244","13":"pa_suprafata-m-4245","14":"pa_tip-freon-r410a","16":"first","17":"instock","18":"shipping-taxable","19":"product-type-simple"},"_links":{"self":[{"href":"https:\/\/amber.md\/ru\/wp-json\/wp\/v2\/product\/1000000053039","targetHints":{"allow":["GET"]}}],"collection":[{"href":"https:\/\/amber.md\/ru\/wp-json\/wp\/v2\/product"}],"about":[{"href":"https:\/\/amber.md\/ru\/wp-json\/wp\/v2\/types\/product"}],"replies":[{"embeddable":true,"href":"https:\/\/amber.md\/ru\/wp-json\/wp\/v2\/comments?post=1000000053039"}],"version-history":[{"count":2,"href":"https:\/\/amber.md\/ru\/wp-json\/wp\/v2\/product\/1000000053039\/revisions"}],"predecessor-version":[{"id":1000000053041,"href":"https:\/\/amber.md\/ru\/wp-json\/wp\/v2\/product\/1000000053039\/revisions\/1000000053041"}],"wp:featuredmedia":[{"embeddable":true,"href":"https:\/\/amber.md\/ru\/wp-json\/wp\/v2\/media\/1000000007898"}],"wp:attachment":[{"href":"https:\/\/amber.md\/ru\/wp-json\/wp\/v2\/media?parent=1000000053039"}],"wp:term":[{"taxonomy":"product_cat","embeddable":true,"href":"https:\/\/amber.md\/ru\/wp-json\/wp\/v2\/product_cat?post=1000000053039"},{"taxonomy":"product_tag","embeddable":true,"href":"https:\/\/amber.md\/ru\/wp-json\/wp\/v2\/product_tag?post=1000000053039"}],"curies":[{"name":"wp","href":"https:\/\/api.w.org\/{rel}","templated":true}]}}