{"id":1000000045657,"date":"2022-09-05T16:11:42","date_gmt":"2022-09-05T13:11:43","guid":{"rendered":"https:\/\/amber.md\/?post_type=product&#038;p=1000000045657"},"modified":"2026-05-03T03:45:52","modified_gmt":"2026-05-03T00:45:52","slug":"bojler-s-2-zmeevikami-teplobak-1-solar-plus-750-l-s-1-5-4-5m2","status":"publish","type":"product","link":"https:\/\/amber.md\/ru\/product\/bojler-s-2-zmeevikami-teplobak-1-solar-plus-750-l-s-1-5-4-5m2\/","title":{"rendered":"\u0411\u043e\u0439\u043b\u0435\u0440 \u0441 2 \u0437\u043c\u0435\u0435\u0432\u0438\u043a\u0430\u043c\u0438 \u0422\u0435\u043f\u043b\u043e\u0431\u0430\u043a -1 Solar Plus 750 \u043b; S 1,5-4,5\u043c2"},"content":{"rendered":"<ul>\n<li>\u041f\u0440\u043e\u0434\u043b\u0435\u043d\u0438\u0435 \u0441\u0440\u043e\u043a\u0430 \u0441\u043b\u0443\u0436\u0431\u044b \u043a\u043e\u0442\u043b\u0430\u043c, \u0440\u0430\u0431\u043e\u0442\u0430\u044e\u0449\u0438\u043c \u043d\u0430 \u0442\u0432\u0435\u0440\u0434\u043e\u043c \u0442\u043e\u043f\u043b\u0438\u0432\u0435 \u0438\u043b\u0438 \u0433\u0430\u0437\u0435;<\/li>\n<li>\u042d\u043a\u043e\u043d\u043e\u043c\u0438\u044f \u043d\u0430 \u044d\u043d\u0435\u0440\u0433\u043e\u0437\u0430\u0442\u0440\u0430\u0442\u0430\u0445;<\/li>\n<li>\u0422\u0435\u043f\u043b\u043e\u0432\u044b\u0435 \u044d\u043b\u0435\u043a\u0442\u0440\u043e\u0441\u0442\u0430\u043d\u0446\u0438\u0438 \u0441\u043c\u043e\u0433\u0443\u0442 \u0440\u0430\u0431\u043e\u0442\u0430\u0442\u044c \u043d\u0430 \u043d\u043e\u043c\u0438\u043d\u0430\u043b\u044c\u043d\u043e\u0439 \u043c\u043e\u0449\u043d\u043e\u0441\u0442\u0438;<\/li>\n<li>\u0417\u043d\u0430\u0447\u0438\u0442\u0435\u043b\u044c\u043d\u043e\u0435 \u0443\u043b\u0443\u0447\u0448\u0435\u043d\u0438\u0435 \u0440\u0430\u0441\u043f\u0440\u0435\u0434\u0435\u043b\u0435\u043d\u0438\u044f \u0442\u0435\u043f\u043b\u0430;<\/li>\n<li>\u0421\u043d\u0438\u0436\u0435\u043d\u0438\u0435 \u0432\u044b\u0431\u0440\u043e\u0441\u043e\u0432 \u0438 \u0443\u0441\u0442\u0440\u0430\u043d\u0435\u043d\u0438\u0435 \u0440\u0438\u0441\u043a\u043e\u0432 \u043a\u043e\u0440\u0440\u043e\u0437\u0438\u0438.<\/li>\n<\/ul>\n","protected":false},"excerpt":{"rendered":"<p>\u0411\u043e\u0439\u043b\u0435\u0440 \u0441 2-\u043c\u044f \u0437\u043c\u0435\u0435\u0432\u0438\u043a\u0430\u043c\u0438 \u0422\u0435\u043f\u043b\u043e\u0431\u0430\u043a \u0412\u0422\u0410-1 Solar Plus \u043f\u0440\u0435\u0434\u043d\u0430\u0437\u043d\u0430\u0447\u0435\u043d \u0434\u043b\u044f \u0430\u043a\u043a\u0443\u043c\u0443\u043b\u0438\u0440\u043e\u0432\u0430\u043d\u0438\u044f \u0442\u0435\u043f\u043b\u043e\u0432\u043e\u0439 \u044d\u043d\u0435\u0440\u0433\u0438\u0438 \u0441 \u0444\u0443\u043d\u043a\u0446\u0438\u0435\u0439 \u043a\u043e\u0441\u0432\u0435\u043d\u043d\u043e\u0433\u043e \u043d\u0430\u0433\u0440\u0435\u0432\u0430 \u0432\u043e\u0434\u044b.<\/p>\n<p>\u041e\u0441\u043d\u043e\u0432\u043d\u044b\u043c\u00a0\u043f\u0440\u0435\u0438\u043c\u0443\u0449\u0435\u0441\u0442\u0432\u043e\u043c\u00a0\u0434\u0430\u043d\u043d\u043e\u0439 \u043c\u043e\u0434\u0435\u043b\u0438 \u044f\u0432\u043b\u044f\u0435\u0442\u0441\u044f \u0442\u0435\u043f\u043b\u043e\u043e\u0431\u043c\u0435\u043d\u043d\u0438\u043a \u0413\u0412\u0421 \u0443\u0432\u0435\u043b\u0438\u0447\u0435\u043d\u043d\u043e\u0439 \u043f\u043b\u043e\u0449\u0430\u0434\u0438, \u0447\u0430\u0441\u0442\u044c \u043a\u043e\u0442\u043e\u0440\u043e\u0433\u043e \u0440\u0430\u0441\u043f\u043e\u043b\u043e\u0436\u0435\u043d\u0430 \u043d\u0435\u043f\u043e\u0441\u0440\u0435\u0434\u0441\u0442\u0432\u0435\u043d\u043d\u043e \u0432\u043d\u0443\u0442\u0440\u0438 \u0442\u0435\u043f\u043b\u043e\u043e\u0431\u043c\u0435\u043d\u043d\u0438\u043a\u0430 \u0434\u043b\u044f \u043d\u0438\u0437\u043a\u043e\u0442\u0435\u043c\u043f\u0435\u0440\u0430\u0442\u0443\u0440\u043d\u044b\u0445 \u0441\u0438\u0441\u0442\u0435\u043c.<\/p>\n<p>\u0412 \u043d\u0438\u0436\u043d\u0435\u0439 \u0447\u0430\u0441\u0442\u0438 \u0443\u0441\u0442\u0430\u043d\u043e\u0432\u043b\u0435\u043d \u043f\u043e\u0434\u043e\u0433\u0440\u0435\u0432\u0430\u044e\u0449\u0438\u0439 \u0442\u0435\u043f\u043b\u043e\u043e\u0431\u043c\u0435\u043d\u043d\u0438\u043a, \u0430 \u0432 \u0432\u0435\u0440\u0445\u043d\u0435\u0439 &#8211; \u0442\u0435\u043f\u043b\u043e\u043e\u0431\u043c\u0435\u043d\u043d\u0438\u043a \u0441\u0438\u0441\u0442\u0435\u043c\u044b \u0433\u043e\u0440\u044f\u0447\u0435\u0433\u043e \u0432\u043e\u0434\u043e\u0441\u043d\u0430\u0431\u0436\u0435\u043d\u0438\u044f \u0438\u0437 \u043d\u0435\u0440\u0436\u0430\u0432\u0435\u044e\u0449\u0435\u0439 \u0441\u0442\u0430\u043b\u0438 \u0434\u043b\u044f \u043f\u0440\u0438\u0433\u043e\u0442\u043e\u0432\u043b\u0435\u043d\u0438\u044f \u0433\u043e\u0440\u044f\u0447\u0435\u0439 \u0432\u043e\u0434\u044b \u0434\u043b\u044f \u0431\u044b\u0442\u043e\u0432\u044b\u0445 \u043d\u0443\u0436\u0434.<\/p>\n<p>\u041e\u043d \u043c\u043e\u0436\u0435\u0442 \u0431\u044b\u0442\u044c \u0443\u0441\u0442\u0430\u043d\u043e\u0432\u043b\u0435\u043d \u0432 \u0441\u0438\u0441\u0442\u0435\u043c\u0430\u0445 \u043e\u0442\u043e\u043f\u043b\u0435\u043d\u0438\u044f, \u0442\u0430\u043a\u0438\u0445 \u043a\u0430\u043a \u0442\u0432\u0435\u0440\u0434\u043e\u0442\u043e\u043f\u043b\u0438\u0432\u043d\u044b\u0435 \u043a\u043e\u0442\u043b\u044b, \u0442\u0435\u043f\u043b\u043e\u0432\u044b\u0435 \u043d\u0430\u0441\u043e\u0441\u044b \u0438\u043b\u0438 \u0441\u043e\u043b\u043d\u0435\u0447\u043d\u044b\u0435 \u0443\u0441\u0442\u0430\u043d\u043e\u0432\u043a\u0438.<\/p>\n<p>\u0411\u0430\u043a \u0438\u0437\u0433\u043e\u0442\u043e\u0432\u043b\u0435\u043d \u0438\u0437 \u0432\u044b\u0441\u043e\u043a\u043e\u043a\u0430\u0447\u0435\u0441\u0442\u0432\u0435\u043d\u043d\u043e\u0439 \u0447\u0435\u0440\u043d\u043e\u0439 \u0441\u0442\u0430\u043b\u0438, \u0432\u043d\u0435\u0448\u043d\u044f\u044f \u043f\u043e\u0432\u0435\u0440\u0445\u043d\u043e\u0441\u0442\u044c \u043e\u0431\u0435\u0441\u043f\u0435\u0447\u0438\u0432\u0430\u0435\u0442 \u043f\u043e\u0432\u044b\u0448\u0435\u043d\u043d\u0443\u044e \u0443\u0441\u0442\u043e\u0439\u0447\u0438\u0432\u043e\u0441\u0442\u044c \u043a \u0430\u0433\u0440\u0435\u0441\u0441\u0438\u0432\u043d\u044b\u043c \u0441\u0440\u0435\u0434\u0430\u043c, \u0432\u043b\u0438\u044f\u044e\u0449\u0438\u043c \u043d\u0430 \u043d\u0430\u0434\u0435\u0436\u043d\u043e\u0441\u0442\u044c \u0438 \u0434\u043e\u043b\u0433\u043e\u0432\u0435\u0447\u043d\u043e\u0441\u0442\u044c \u0438\u0437\u0434\u0435\u043b\u0438\u044f.<\/p>\n","protected":false},"featured_media":1000000004427,"comment_status":"closed","ping_status":"closed","template":"","meta":{"_seopress_robots_primary_cat":"none","_seopress_titles_title":"Boiler cu 2 Serpantine Teplobak VTA-1 Solar Plus \/ 750L; S 1,5-4,5m2","_seopress_titles_desc":"Boilerul cu 2 Serpantine Teplobak VTA-1 Solar Plus este proiectat pentru acumularea de energie termic\u0103 cu func\u021bia de \u00eenc\u0103lzire indirect\u0103 a apei.Avantajul acestui model este schimb\u0103torul de c\u0103ldur\u0103 din o\u021bel inoxidabil \u00eencorporat o suprafa\u021b\u0103 majorata, parte din care se afl\u0103 direct \u00een interiorul schimb\u0103torului de c\u0103ldur\u0103 pentru sistemele cu temperatur\u0103 joas\u0103.\u00cen partea inferioar\u0103 este instalat un schimb\u0103tor de c\u0103ldur\u0103 de pre\u00eenc\u0103lzire, iar \u00een partea superioar\u0103 un schimb\u0103tor de c\u0103ldur\u0103 din o\u021bel inoxidabil pentru prepararea apei calde menajere.Poate fi montat la siteme de \u00eenc\u0103lzire cum sunt cazane pe combustibil solid, pompe de c\u0103ldur\u0103 sau intala\u021bii solare.Rezervorul este realizat din o\u021bel negru de \u00eenalt\u0103 calitate, suprafa\u021ba exterioar\u0103 ofer\u0103 rezisten\u021b\u0103 sporit\u0103 la medii agresive care afecteaz\u0103 fiabilitatea \u0219i durabilitatea produsului.","_seopress_robots_index":""},"product_cat":[2006,8179,2501,55],"product_tag":[],"class_list":{"0":"post-1000000045657","1":"product","2":"type-product","3":"status-publish","4":"has-post-thumbnail","6":"product_cat-bojler","7":"product_cat-bojler-kosvennogo-nagreva","8":"product_cat-nakopitelnyj-bak","9":"product_cat-otopitelnye-sistemy","10":"pa_brand-teplobak-ru","11":"pa_diametrul-o-950-ru","12":"pa_inaltimea-mm-2010-ru","13":"pa_material-otel-ru","14":"pa_producator-ukraina","15":"pa_serpentine-nr-2-ru","16":"pa_suprafata-serpentinei-m2-15-ru","17":"pa_suprafata-serpentinei-m2-45-ru","18":"pa_volum-l-750-ru","20":"first","21":"outofstock","22":"product-type-simple"},"_links":{"self":[{"href":"https:\/\/amber.md\/ru\/wp-json\/wp\/v2\/product\/1000000045657","targetHints":{"allow":["GET"]}}],"collection":[{"href":"https:\/\/amber.md\/ru\/wp-json\/wp\/v2\/product"}],"about":[{"href":"https:\/\/amber.md\/ru\/wp-json\/wp\/v2\/types\/product"}],"replies":[{"embeddable":true,"href":"https:\/\/amber.md\/ru\/wp-json\/wp\/v2\/comments?post=1000000045657"}],"version-history":[{"count":0,"href":"https:\/\/amber.md\/ru\/wp-json\/wp\/v2\/product\/1000000045657\/revisions"}],"wp:featuredmedia":[{"embeddable":true,"href":"https:\/\/amber.md\/ru\/wp-json\/wp\/v2\/media\/1000000004427"}],"wp:attachment":[{"href":"https:\/\/amber.md\/ru\/wp-json\/wp\/v2\/media?parent=1000000045657"}],"wp:term":[{"taxonomy":"product_cat","embeddable":true,"href":"https:\/\/amber.md\/ru\/wp-json\/wp\/v2\/product_cat?post=1000000045657"},{"taxonomy":"product_tag","embeddable":true,"href":"https:\/\/amber.md\/ru\/wp-json\/wp\/v2\/product_tag?post=1000000045657"}],"curies":[{"name":"wp","href":"https:\/\/api.w.org\/{rel}","templated":true}]}}